{"id":1226,"date":"2015-12-12T19:37:11","date_gmt":"2015-12-12T18:37:11","guid":{"rendered":"http:\/\/www.culturapopolare.it\/?page_id=1226"},"modified":"2019-12-01T10:55:00","modified_gmt":"2019-12-01T09:55:00","slug":"bando-65-gara-dei-presepi","status":"publish","type":"page","link":"https:\/\/www.culturapopolare.it\/index.php\/bando-65-gara-dei-presepi","title":{"rendered":"Bando 66\u00b0 Gara Diocesana dei Presepi"},"content":{"rendered":"<p><strong>Chiesa di Bologna<\/strong><\/p>\n<p>Santo Natale 2019<\/p>\n<p>Gara Diocesana<\/p>\n<p><strong>Il <\/strong><strong>Presepio <\/strong><strong>nelle <\/strong><strong>Famiglie <\/strong><strong>e nelle Collettivit\u00e0<\/strong><\/p>\n<p><u>66\u00b0 Edizione<\/u><\/p>\n<p>La Gara Diocesana ha ormai una ragguardevole et\u00e0 e la qualit\u00e0 sar\u00e0 il miglior modo di festeggiarla.<\/p>\n<ul>\n<li>Sono invitate a partecipare all\u2019iniziativa le <strong>Collettivit\u00e0 e Comunit\u00e0 <\/strong>(<em>parrocchie, scuole, convitti, ospedali, caserme, chiese e gruppi parrocchiali, case di riposo, di accoglienza, negozi, luoghi di lavoro e di ritrovo, <\/em><em>eccetera<\/em>) della Arcidiocesi di Bologna.<\/li>\n<li>Le <strong>iscrizioni <\/strong>dovranno pervenire <strong>esclusivamente <\/strong>all\u2019indirizzo di posta elettronica<\/li>\n<\/ul>\n<p><a href=\"mailto:presepi.bologna2019@culturapopolare.it\"><strong>presepi.bologna2019@culturapopolare.it<\/strong><\/a> o all\u2019indirizzo postale:<\/p>\n<p><em>Centro Studi per la Cultura Popolare, via Santa Margherita 4, 40123 Bologna.<\/em><\/p>\n<p><strong>Al medesimo indirizzo di posta elettronica ogni iscritto dovr\u00e0 inviare appena possibile foto del suo <\/strong><strong>presepio.<\/strong><\/p>\n<ul>\n<li>Le <strong>singole famiglie <\/strong>possono inviarci direttamente le loro foto, con l&#8217;indicazione della loro parrocchia e <em>in <\/em><em>particolare saranno gradite quelle segnalate dai parroci a seguito di gare parrocchiali<\/em>.<\/li>\n<\/ul>\n<p><strong>&#8212;&#8212;&#8212;&#8212;&#8212;&#8212;&#8212;&#8212;&#8212;&#8212;&#8212;&#8212;&#8212;&#8212;&#8212;&#8212;&#8212;&#8212;&#8212;&#8212;&#8211;<\/strong><\/p>\n<p><strong><u>Sezioni<\/u><\/strong><\/p>\n<p>I partecipanti sono suddivisi in sezioni:<\/p>\n<ol>\n<li><strong>Sezione A<\/strong>: Scuole (materne, elementari, medie inferiori e superiori)<\/li>\n<li><strong>Sezione B<\/strong>: Ospedali, Convitti, Case di riposo<\/li>\n<li><strong>Sezione C<\/strong>: Chiese e gruppi parrocchiali<\/li>\n<li><strong>Sezione D<\/strong>: Caserme<\/li>\n<li><strong>Sezione E<\/strong>: Luoghi di lavoro<\/li>\n<li><strong>Sezione F<\/strong>: Comunit\u00e0 particolari (accoglienza, recupero, )<\/li>\n<li><strong>Sezione G<\/strong>: Presepi d&#8217;arte<\/li>\n<li><strong>Sezione H<\/strong>: Rassegne<\/li>\n<\/ol>\n<p><strong>Le iscrizioni sono divise secondo i vicariati<\/strong>: <strong>ogni Vicario \u00e8 invitato a costituire una commissione<\/strong>, <em>che avr\u00e0 il <\/em><em>compito di visitare i diversi presepi e riportarne la valutazione sulla apposita scheda (in calce).<\/em><\/p>\n<p><strong><em>La segreteria far\u00e0 pervenire a ciascuno dei Reverendi Vicari le iscrizioni del suo vicariato.<\/em><\/strong><\/p>\n<p><em>Le diverse comunit\u00e0 saranno visitate <strong>dalla commissione del vicariato <\/strong>entro il 10 gennaio<\/em>: una tempestiva iscrizione favorisce le commissioni nell&#8217;organizzazione del loro giro, soprattutto per quanto riguarda le scuole.<\/p>\n<p><strong>La segreteria della gara non \u00e8 diretta responsabile delle visite ai presepi.<\/strong><\/p>\n<p><strong>&#8212;&#8212;&#8212;&#8212;&#8212;&#8212;&#8212;&#8212;&#8212;&#8212;&#8212;&#8212;&#8212;&#8212;&#8212;&#8212;&#8212;&#8212;&#8212;&#8212;&#8211;<\/strong><\/p>\n<p><strong>Note sulla sezione A<\/strong>: <strong>Scuole<\/strong><\/p>\n<p><strong>Le iscrizioni delle scuole dovranno pervenire entro il 19 dicembre 2019: <\/strong><em>le scuole quindi saranno visitate dalla Commissione Vicariale dal 19 dicembre 2019 al 10 gennaio 2020<\/em>. In ogni modo si prega di non smontare il presepio prima della visita della commissione: eventualmente chiamare la segreteria.<\/p>\n<p><strong>Ogni \u00a0iscritto <\/strong>deve inviare le foto presepio iscritto, secondo le modalit\u00e0 sopra citate. La commissione vicariale non \u00e8 incaricata di fornire le foto alla segreteria, bens\u00ec le foto sono responsabilit\u00e0 degli iscritti.<\/p>\n<p>\u00c8 sempre necessario indicare con chiarezza <strong>in ogni comunicazione <\/strong>di quale presepio si tratta (scuola, classe, sezione).<\/p>\n<p><strong>\u00a0<\/strong><\/p>\n<p><strong>Note sulle restanti sezioni<\/strong><\/p>\n<p><strong>Le iscrizioni alle sezioni B, C, D, E, F, G, H devono pervenire dal entro il 31 dicembre 2019<\/strong>.<\/p>\n<p>Per la sezione D (Caserme), si opera in collaborazione col <em>Patronato Assistenza Spirituale Forze Armate (PASFA),<\/em><\/p>\n<p>che raccoglier\u00e0 le iscrizioni e curer\u00e0 la visita e la valutazione.<\/p>\n<ul>\n<li><strong>Nella valutazione si terr\u00e0 conto degli elementi indicati nell\u2019apposita scheda, che i visitatori (cio\u00e8 le commissioni vicariali) sono pregati di compilare in ogni parte, esprimendo un giudizio <\/strong><\/li>\n<li><strong>Tutti i partecipanti sono invitati alla cerimonia di premiazione<\/strong>, durante la quale ognuno ricever\u00e0 un dono e un <strong>Per motivi logistici sar\u00e0 impossibile ricevere attestato e dono una volta avvenuta la premiazione: <\/strong><em>Consigliamo quindi di presenziare alla cerimonia, di inviare qualcuno oppure di mettersi d\u2019accordo con altri partecipanti che possano ritirare il premio durante la premiazione. Ci scusiamo in <\/em><em>anticipo ma non sar\u00e0 possibile ottenere diploma e dono in altri modi o tempi<\/em>.<\/li>\n<\/ul>\n<p><strong>Cerimonia di premiazione<\/strong><\/p>\n<p>La cerimonia di premiazione si terr\u00e0 sabato 22 marzo 2020, alle ore 15, presso la Chiesa di San Benedetto in via dell\u2019Indipendenza 64, Bologna. Ulteriori notizie si troveranno sulla stampa locale, in particolare sulle pagine dell\u2019inserto settimanale di Avvenire, Bologna 7.<\/p>\n<p><strong>&#8212;&#8212;&#8212;&#8212;&#8212;&#8212;&#8212;&#8212;&#8212;&#8212;&#8212;&#8212;&#8212;&#8212;&#8212;&#8212;&#8212;&#8212;&#8212;&#8212;&#8211;<\/strong><\/p>\n<p><strong>\u00a0<\/strong><\/p>\n<p><strong>Note sull\u2019invio delle fotografie e sulle comunicazioni alla segreteria<\/strong><\/p>\n<p>Ogni anni riceviamo centinaia di messaggi di posta elettronica e file di immagini. Ogni messaggio viene letto e preso in considerazione. Purtroppo non \u00e8 possibile rispondere a tutti in tempi rapidi, preghiamo quindi di avere pazienza ed eventualmente mandare un sollecito (dallo stesso indirizzo email e possibilmente con lo stesso soggetto del messaggio), ma soprattutto ci raccomandiamo di seguire le seguenti linee guida sull\u2019invio delle fotografie per rendere il lavoro della segreteria pi\u00f9 semplice e dare quindi la possibilit\u00e0 di rispondere a tutti.<\/p>\n<ul>\n<li><strong>Inviare solo file di tipo .jpg<\/strong>, o comunque immagini Altri formati accettati sono: .bmp; .gif (non animate); .tiff).<\/li>\n<\/ul>\n<p><strong>Ogni altro tipo di file <\/strong>(video, power point, documenti di testo) <strong>viene automaticamente scartato<\/strong>.<\/p>\n<ul>\n<li><strong>Scattare in formato orizzontale<\/strong><strong>, quando <\/strong><\/li>\n<li>Indicare nel <strong><u>soggetto del messaggio email<\/u> <\/strong>il <em>nome del partecipante<\/em>, anche abbreviato (per esempio: Rossi invece di Famiglia Rossi).<\/li>\n<li>Indicare, <strong><u>nel corpo della mail<\/u> <\/strong>(<em>di ogni mail inviata<\/em>, nel caso di pi\u00f9 messaggi e iscrizioni), le seguenti informazioni:\n<ul>\n<li><strong><u>Nome della scuola \/ Nome della famiglia o persona \/ Nome dell&#8217;istituto \/ <\/u><\/strong><\/li>\n<\/ul>\n<\/li>\n<\/ul>\n<p><strong><em>Questa informazione sar\u00e0 l&#8217;intestazione del diploma<\/em><\/strong>. Ad eccezione delle scuole, che avranno un&#8217;intestazione del tipo <em>Scuola dell&#8217;Infanzia \/ Primaria \/ Secondaria di Primo Grado \/ Secondaria di <\/em><em>Secondo Grado \/ Superiore <\/em>seguito dal nome della scuola.<\/p>\n<ul>\n<li><strong><u>L&#8217;indirizzo email del partecipante \/ <\/u><\/strong> Se non specificato nel corpo della mail, l&#8217;indirizzo del mittente sar\u00e0 considerato automaticamente l&#8217;indirizzo del referente e quindi anche aggiunto alle liste degli indirizzi per le comunicazioni di servizio.<\/li>\n<li><strong><u>Contatto telefonico del referente<\/u><\/strong>. Probabilmente non verr\u00e0 usato, ma in caso di informazioni straordinarie, sar\u00e0 utile potervi contattare<\/li>\n<\/ul>\n<p>L\u2019indirizzo a cui inviare i file delle foto \u00e8:<\/p>\n<p><a href=\"mailto:presepi.bologna2019@culturapopolare.it\"><strong>presepi.bologna2019@culturapopolare.it<\/strong><\/a><\/p>\n<p><strong>\u00a0<\/strong><\/p>\n<p><strong>Le foto devono essere inviate entro il 10 gennaio 2020. Verranno considerati eventuali ritarda, ma non <\/strong><strong>assicuriamo che le foto inviate in date successive possano essere accetate.<\/strong><\/p>\n<p><strong>\u00a0<\/strong><\/p>\n<p>Potete anche inviare fotografie stampate al seguente indirizzo di posta:<\/p>\n<p><strong>Centro Studi per la Cultura Popolare, <\/strong><strong>via Santa Margherita 4, 40123 Bologna.<\/strong><\/p>\n<p><strong>Non inviare raccomandate, perch\u00e9 non verranno ritirate!<\/strong><\/p>\n<p><strong>&#8212;&#8212;&#8212;&#8212;&#8212;&#8212;&#8212;&#8212;&#8212;&#8212;&#8212;&#8212;&#8212;&#8212;&#8212;&#8212;&#8212;&#8212;&#8212;&#8212;&#8211;<\/strong><\/p>\n<p><strong>Note sulle valutazioni e i punteggi<\/strong><\/p>\n<p><strong>Saranno valutati, con un punteggio da 1 a 10, i seguenti elementi<\/strong>:<\/p>\n<ol>\n<li>aderenza espressiva al Mistero della Nativit\u00e0<\/li>\n<li>armonia dell&#8217;insieme e delle proporzioni<\/li>\n<li>creativit\u00e0 e originalit\u00e0 di materiali e forme<\/li>\n<li>coinvolgimento comunitario (pi\u00f9 classi, genitori e )<\/li>\n<li>difficolt\u00e0 tecniche incontrate nella realizzazione<\/li>\n<\/ol>\n<p>Le schede di valutazione compilate potranno essere consegnate anche tramite posta elettronica all\u2019indirizzo della segreteria (presepi.bologna2017@culturapopolare.it) <em>oppure <\/em>presso la portineria della Curia, indirizzandole a <strong><em>Gara <\/em><\/strong><strong><em>Presepi 2019.<\/em><\/strong><\/p>\n<p>Si ritiene inoltre opportuno segnalare le seguenti esposizioni in citt\u00e0:<\/p>\n<ul>\n<li><strong>XXVII Rassegna Internazionale Del Presepio <\/strong>presso il <strong>Loggiato di San Giovanni in Monte <\/strong>a Bologna, dall\u20198 dicembre 2019 al 12 gennaio 2020, tutti i giorni ore 9-12 e 15-19.<\/li>\n<li>Al <strong>Palazzo Comunale di Bologna<\/strong>, piazza Maggiore, nel cortile d\u2019onore, sar\u00e0 presente un grande presepio in terracotta opera del Laboratorio d\u2019arte di Vigorso, inaugurato dal Cardinale dal Sindaco.<\/li>\n<li>Al <strong>Museo Davia Bargellini <\/strong>(Strada Maggiore 44 Bologna Museo Davia Bargellini, Mostra d\u2019arte \u201cCapolavori del Presepe napoletano del Settecento dalla Collezione Bordoni\u201d , 4 dicembre 2019- 19-gennaio 2020, dal marted\u00ec al venerd\u00ec: ore 9 &gt; 14, sabato, domenica e festivi: ore 10 &gt; 18.30 chiuso luned\u00ec feriali, Natale e Capodanno. Ingresso gratuito.<\/li>\n<li>Il <strong>Museo Beata Vergine di San Luca, in collaborazione <\/strong>con l\u2019Associazione Francesco Francia e il Centro Studi per la Cultura Popolare, propone la mostra: <strong>I Magi nostri Contemporanei, figure d\u2019autore<\/strong>, dal 3 dicembre 2019 al 19 gennaio 2020, ingresso libero, secondo gli orari del<\/li>\n<li>A Cento, nella Collegiata di San Biagio, una ricca Rassegna dall\u20198 dicembre 2019 al 12 gennaio 2020: tutti giorni dale 9 alle 12 e dale 15 alle 18.<\/li>\n<\/ul>\n<p>Ulteriori notizie sui presepi in citt\u00e0 e in provincia si troveranno su <strong>le pagine di Bologna 7 di AVVENIRE e <\/strong><strong>sul sito <\/strong><a href=\"http:\/\/www.culturapopolare.it\/\"><strong>www.culturapopolare.it<\/strong><\/a><strong>.<\/strong><\/p>\n<p><strong>Per ogni informazione, si pu\u00f2 chiamare la segreteria: 335-6771199.<\/strong><\/p>\n<p><strong>\u00a0<\/strong><\/p>\n<p>Per la segreteria<\/p>\n<p><em>Gioia Lanzi<\/em><\/p>\n<p>Scarica la scheda di valutazione, <a href=\"https:\/\/www.culturapopolare.it\/wp-content\/uploads\/2019\/12\/SchedaValutazionePresepi2019.pdf\" target=\"_blank\" rel=\"noopener noreferrer\">clicca qui<\/a>.<\/p>\n","protected":false},"excerpt":{"rendered":"<p>Chiesa di Bologna Santo Natale 2019 Gara Diocesana Il Presepio nelle Famiglie e nelle Collettivit\u00e0 66\u00b0 Edizione La Gara Diocesana ha ormai una ragguardevole et\u00e0 e la qualit\u00e0 sar\u00e0 il miglior modo di festeggiarla. Sono invitate a partecipare all\u2019iniziativa le Collettivit\u00e0 e Comunit\u00e0 (parrocchie, scuole, convitti, ospedali, caserme, chiese e gruppi parrocchiali, case di riposo, &hellip; <a href=\"https:\/\/www.culturapopolare.it\/index.php\/bando-65-gara-dei-presepi\" class=\"more-link\">Continua a leggere <span class=\"screen-reader-text\">Bando 66\u00b0 Gara Diocesana dei Presepi<\/span><\/a><\/p>\n","protected":false},"author":3,"featured_media":0,"parent":0,"menu_order":0,"comment_status":"closed","ping_status":"closed","template":"","meta":{"footnotes":""},"class_list":["post-1226","page","type-page","status-publish","hentry"],"_links":{"self":[{"href":"https:\/\/www.culturapopolare.it\/index.php\/wp-json\/wp\/v2\/pages\/1226","targetHints":{"allow":["GET"]}}],"collection":[{"href":"https:\/\/www.culturapopolare.it\/index.php\/wp-json\/wp\/v2\/pages"}],"about":[{"href":"https:\/\/www.culturapopolare.it\/index.php\/wp-json\/wp\/v2\/types\/page"}],"author":[{"embeddable":true,"href":"https:\/\/www.culturapopolare.it\/index.php\/wp-json\/wp\/v2\/users\/3"}],"replies":[{"embeddable":true,"href":"https:\/\/www.culturapopolare.it\/index.php\/wp-json\/wp\/v2\/comments?post=1226"}],"version-history":[{"count":12,"href":"https:\/\/www.culturapopolare.it\/index.php\/wp-json\/wp\/v2\/pages\/1226\/revisions"}],"predecessor-version":[{"id":1725,"href":"https:\/\/www.culturapopolare.it\/index.php\/wp-json\/wp\/v2\/pages\/1226\/revisions\/1725"}],"wp:attachment":[{"href":"https:\/\/www.culturapopolare.it\/index.php\/wp-json\/wp\/v2\/media?parent=1226"}],"curies":[{"name":"wp","href":"https:\/\/api.w.org\/{rel}","templated":true}]}}